{"id":9,"date":"2024-09-03T17:20:21","date_gmt":"2024-09-03T17:20:21","guid":{"rendered":"https:\/\/azalmode.com\/?page_id=9"},"modified":"2024-09-03T17:20:21","modified_gmt":"2024-09-03T17:20:21","slug":"supprimer-mon-compte","status":"publish","type":"page","link":"https:\/\/azalmode.com\/index.php\/supprimer-mon-compte\/","title":{"rendered":"Supprimer mon compte"},"content":{"rendered":"\n<details class=\"wp-block-details is-layout-flow wp-block-details-is-layout-flow\"><summary>Comment supprimer mon compte?<\/summary>\n<p>Pour supprimer votre compte:<br>1-Veuillez vous rendre sur votre profile:<br><img loading=\"lazy\" decoding=\"async\" width=\"150\" height=\"325\" class=\"wp-image-10\" style=\"width: 150px;\" src=\"https:\/\/azalmode.com\/wp-content\/uploads\/2024\/09\/Capture-decran-2024-09-03-a-6.06.37\u202fPM.png\" alt=\"\" srcset=\"https:\/\/azalmode.com\/wp-content\/uploads\/2024\/09\/Capture-decran-2024-09-03-a-6.06.37\u202fPM.png 768w, https:\/\/azalmode.com\/wp-content\/uploads\/2024\/09\/Capture-decran-2024-09-03-a-6.06.37\u202fPM-139x300.png 139w, https:\/\/azalmode.com\/wp-content\/uploads\/2024\/09\/Capture-decran-2024-09-03-a-6.06.37\u202fPM-473x1024.png 473w, https:\/\/azalmode.com\/wp-content\/uploads\/2024\/09\/Capture-decran-2024-09-03-a-6.06.37\u202fPM-710x1536.png 710w\" sizes=\"auto, (max-width: 150px) 100vw, 150px\" \/><br>2-Modifier le profile:<\/p>\n\n\n\n<p><br><img loading=\"lazy\" decoding=\"async\" width=\"150\" height=\"325\" class=\"wp-image-12\" style=\"width: 150px;\" src=\"https:\/\/azalmode.com\/wp-content\/uploads\/2024\/09\/Capture-decran-2024-09-03-a-6.14.10\u202fPM.png\" alt=\"\" srcset=\"https:\/\/azalmode.com\/wp-content\/uploads\/2024\/09\/Capture-decran-2024-09-03-a-6.14.10\u202fPM.png 768w, https:\/\/azalmode.com\/wp-content\/uploads\/2024\/09\/Capture-decran-2024-09-03-a-6.14.10\u202fPM-139x300.png 139w, https:\/\/azalmode.com\/wp-content\/uploads\/2024\/09\/Capture-decran-2024-09-03-a-6.14.10\u202fPM-473x1024.png 473w, https:\/\/azalmode.com\/wp-content\/uploads\/2024\/09\/Capture-decran-2024-09-03-a-6.14.10\u202fPM-710x1536.png 710w\" sizes=\"auto, (max-width: 150px) 100vw, 150px\" \/><\/p>\n\n\n\n<p><br>3-infos:<br><br><img loading=\"lazy\" decoding=\"async\" width=\"150\" height=\"325\" class=\"wp-image-13\" style=\"width: 150px;\" src=\"https:\/\/azalmode.com\/wp-content\/uploads\/2024\/09\/Capture-decran-2024-09-03-a-6.07.25\u202fPM.png\" alt=\"\" srcset=\"https:\/\/azalmode.com\/wp-content\/uploads\/2024\/09\/Capture-decran-2024-09-03-a-6.07.25\u202fPM.png 768w, https:\/\/azalmode.com\/wp-content\/uploads\/2024\/09\/Capture-decran-2024-09-03-a-6.07.25\u202fPM-139x300.png 139w, https:\/\/azalmode.com\/wp-content\/uploads\/2024\/09\/Capture-decran-2024-09-03-a-6.07.25\u202fPM-473x1024.png 473w, https:\/\/azalmode.com\/wp-content\/uploads\/2024\/09\/Capture-decran-2024-09-03-a-6.07.25\u202fPM-710x1536.png 710w\" sizes=\"auto, (max-width: 150px) 100vw, 150px\" \/><\/p>\n\n\n\n<p><br>4-D\u00e9sactiver mon compte:<br><br><img loading=\"lazy\" decoding=\"async\" width=\"150\" height=\"325\" class=\"wp-image-14\" style=\"width: 150px;\" src=\"https:\/\/azalmode.com\/wp-content\/uploads\/2024\/09\/Capture-decran-2024-09-03-a-6.07.32\u202fPM.png\" alt=\"\" srcset=\"https:\/\/azalmode.com\/wp-content\/uploads\/2024\/09\/Capture-decran-2024-09-03-a-6.07.32\u202fPM.png 768w, https:\/\/azalmode.com\/wp-content\/uploads\/2024\/09\/Capture-decran-2024-09-03-a-6.07.32\u202fPM-139x300.png 139w, https:\/\/azalmode.com\/wp-content\/uploads\/2024\/09\/Capture-decran-2024-09-03-a-6.07.32\u202fPM-473x1024.png 473w, https:\/\/azalmode.com\/wp-content\/uploads\/2024\/09\/Capture-decran-2024-09-03-a-6.07.32\u202fPM-710x1536.png 710w\" sizes=\"auto, (max-width: 150px) 100vw, 150px\" \/><br><br><img loading=\"lazy\" decoding=\"async\" width=\"150\" height=\"325\" class=\"wp-image-15\" style=\"width: 150px;\" src=\"https:\/\/azalmode.com\/wp-content\/uploads\/2024\/09\/Capture-decran-2024-09-03-a-6.07.42\u202fPM.png\" alt=\"\" srcset=\"https:\/\/azalmode.com\/wp-content\/uploads\/2024\/09\/Capture-decran-2024-09-03-a-6.07.42\u202fPM.png 768w, https:\/\/azalmode.com\/wp-content\/uploads\/2024\/09\/Capture-decran-2024-09-03-a-6.07.42\u202fPM-139x300.png 139w, https:\/\/azalmode.com\/wp-content\/uploads\/2024\/09\/Capture-decran-2024-09-03-a-6.07.42\u202fPM-473x1024.png 473w, https:\/\/azalmode.com\/wp-content\/uploads\/2024\/09\/Capture-decran-2024-09-03-a-6.07.42\u202fPM-710x1536.png 710w\" sizes=\"auto, (max-width: 150px) 100vw, 150px\" \/><br>En appuyant sur d\u00e9sactiver mon compte et confirmer votre suppression votre compte sera supprim\u00e9 imm\u00e9diatement ainsi que les donn\u00e9es associ\u00e9es a votre compte.<\/p>\n<\/details>\n","protected":false},"excerpt":{"rendered":"","protected":false},"author":1,"featured_media":0,"parent":0,"menu_order":0,"comment_status":"closed","ping_status":"closed","template":"","meta":{"footnotes":""},"class_list":["post-9","page","type-page","status-publish","hentry"],"_links":{"self":[{"href":"https:\/\/azalmode.com\/index.php\/wp-json\/wp\/v2\/pages\/9","targetHints":{"allow":["GET"]}}],"collection":[{"href":"https:\/\/azalmode.com\/index.php\/wp-json\/wp\/v2\/pages"}],"about":[{"href":"https:\/\/azalmode.com\/index.php\/wp-json\/wp\/v2\/types\/page"}],"author":[{"embeddable":true,"href":"https:\/\/azalmode.com\/index.php\/wp-json\/wp\/v2\/users\/1"}],"replies":[{"embeddable":true,"href":"https:\/\/azalmode.com\/index.php\/wp-json\/wp\/v2\/comments?post=9"}],"version-history":[{"count":1,"href":"https:\/\/azalmode.com\/index.php\/wp-json\/wp\/v2\/pages\/9\/revisions"}],"predecessor-version":[{"id":16,"href":"https:\/\/azalmode.com\/index.php\/wp-json\/wp\/v2\/pages\/9\/revisions\/16"}],"wp:attachment":[{"href":"https:\/\/azalmode.com\/index.php\/wp-json\/wp\/v2\/media?parent=9"}],"curies":[{"name":"wp","href":"https:\/\/api.w.org\/{rel}","templated":true}]}}